{"id":1987,"date":"2020-08-06T12:50:59","date_gmt":"2020-08-06T12:50:59","guid":{"rendered":"https:\/\/www.minoon.fi\/?page_id=1987"},"modified":"2026-01-06T08:35:51","modified_gmt":"2026-01-06T08:35:51","slug":"tapahtumat-2","status":"publish","type":"page","link":"https:\/\/www.kultaanen.fi\/?page_id=1987","title":{"rendered":"Tapahtumat ja workshopit"},"content":{"rendered":"\t\t<div data-elementor-type=\"wp-page\" data-elementor-id=\"1987\" class=\"elementor elementor-1987\">\n\t\t\t\t\t\t<section class=\"elementor-section elementor-top-section elementor-element elementor-element-38119e0c elementor-section-stretched elementor-section-boxed elementor-section-height-default elementor-section-height-default\" data-id=\"38119e0c\" data-element_type=\"section\" data-e-type=\"section\" id=\"up\" data-settings=\"{&quot;background_background&quot;:&quot;classic&quot;,&quot;stretch_section&quot;:&quot;section-stretched&quot;}\">\n\t\t\t\t\t\t\t<div class=\"elementor-background-overlay\"><\/div>\n\t\t\t\t\t\t\t<div class=\"elementor-container elementor-column-gap-default\">\n\t\t\t\t\t<div class=\"elementor-column elementor-col-100 elementor-top-column elementor-element elementor-element-3348126f\" data-id=\"3348126f\" data-element_type=\"column\" data-e-type=\"column\">\n\t\t\t<div class=\"elementor-widget-wrap elementor-element-populated\">\n\t\t\t\t\t\t<section class=\"elementor-section elementor-inner-section elementor-element elementor-element-24ec4dea elementor-section-boxed elementor-section-height-default elementor-section-height-default\" data-id=\"24ec4dea\" data-element_type=\"section\" data-e-type=\"section\">\n\t\t\t\t\t\t<div class=\"elementor-container elementor-column-gap-default\">\n\t\t\t\t\t<div class=\"elementor-column elementor-col-25 elementor-inner-column elementor-element elementor-element-e52914b\" data-id=\"e52914b\" data-element_type=\"column\" data-e-type=\"column\">\n\t\t\t<div class=\"elementor-widget-wrap\">\n\t\t\t\t\t\t\t<\/div>\n\t\t<\/div>\n\t\t\t\t<div class=\"elementor-column elementor-col-50 elementor-inner-column elementor-element elementor-element-39462b25\" data-id=\"39462b25\" data-element_type=\"column\" data-e-type=\"column\">\n\t\t\t<div class=\"elementor-widget-wrap elementor-element-populated\">\n\t\t\t\t\t\t<div class=\"elementor-element elementor-element-750e094c elementor-widget elementor-widget-image\" data-id=\"750e094c\" data-element_type=\"widget\" data-e-type=\"widget\" data-widget_type=\"image.default\">\n\t\t\t\t<div class=\"elementor-widget-container\">\n\t\t\t\t\t\t\t\t\t\t\t\t\t\t\t<img decoding=\"async\" src=\"https:\/\/www.kultaanen.fi\/wp-content\/uploads\/elementor\/thumbs\/Merkki-Kultaanen@3x-qbl193gpbe4sulydnis8cknsad2lzyct9lh8lvppfk.png\" title=\"Merkki-Kultaanen@3x\" alt=\"Merkki-Kultaanen@3x\" loading=\"lazy\" \/>\t\t\t\t\t\t\t\t\t\t\t\t\t\t\t<\/div>\n\t\t\t\t<\/div>\n\t\t\t\t<div class=\"elementor-element elementor-element-77f1ad45 animated-fast elementor-invisible elementor-widget elementor-widget-heading\" data-id=\"77f1ad45\" data-element_type=\"widget\" data-e-type=\"widget\" id=\"tunnit\" data-settings=\"{&quot;_animation&quot;:&quot;fadeIn&quot;}\" data-widget_type=\"heading.default\">\n\t\t\t\t<div class=\"elementor-widget-container\">\n\t\t\t\t\t<h2 class=\"elementor-heading-title elementor-size-default\">Tapahtumat <\/h2>\t\t\t\t<\/div>\n\t\t\t\t<\/div>\n\t\t\t\t\t<\/div>\n\t\t<\/div>\n\t\t\t\t<div class=\"elementor-column elementor-col-25 elementor-inner-column elementor-element elementor-element-290d7fed\" data-id=\"290d7fed\" data-element_type=\"column\" data-e-type=\"column\">\n\t\t\t<div class=\"elementor-widget-wrap\">\n\t\t\t\t\t\t\t<\/div>\n\t\t<\/div>\n\t\t\t\t\t<\/div>\n\t\t<\/section>\n\t\t\t\t\t<\/div>\n\t\t<\/div>\n\t\t\t\t\t<\/div>\n\t\t<\/section>\n\t\t\t\t<section class=\"elementor-section elementor-top-section elementor-element elementor-element-e947d4d elementor-section-boxed elementor-section-height-default elementor-section-height-default\" data-id=\"e947d4d\" data-element_type=\"section\" data-e-type=\"section\">\n\t\t\t\t\t\t<div class=\"elementor-container elementor-column-gap-default\">\n\t\t\t\t\t<div class=\"elementor-column elementor-col-50 elementor-top-column elementor-element elementor-element-3c23e44\" data-id=\"3c23e44\" data-element_type=\"column\" data-e-type=\"column\">\n\t\t\t<div class=\"elementor-widget-wrap elementor-element-populated\">\n\t\t\t\t\t\t<div class=\"elementor-element elementor-element-10c10ce elementor-widget elementor-widget-image\" data-id=\"10c10ce\" data-element_type=\"widget\" data-e-type=\"widget\" data-widget_type=\"image.default\">\n\t\t\t\t<div class=\"elementor-widget-container\">\n\t\t\t\t\t\t\t\t\t\t\t\t\t\t\t<img fetchpriority=\"high\" decoding=\"async\" width=\"693\" height=\"650\" src=\"https:\/\/www.kultaanen.fi\/wp-content\/uploads\/2023\/08\/rumpurentoutus.jpg\" class=\"attachment-large size-large wp-image-2986\" alt=\"\" srcset=\"https:\/\/www.kultaanen.fi\/wp-content\/uploads\/2023\/08\/rumpurentoutus.jpg 693w, https:\/\/www.kultaanen.fi\/wp-content\/uploads\/2023\/08\/rumpurentoutus-500x469.jpg 500w\" sizes=\"(max-width: 693px) 100vw, 693px\" \/>\t\t\t\t\t\t\t\t\t\t\t\t\t\t\t<\/div>\n\t\t\t\t<\/div>\n\t\t\t\t\t<\/div>\n\t\t<\/div>\n\t\t\t\t<div class=\"elementor-column elementor-col-50 elementor-top-column elementor-element elementor-element-d01983e\" data-id=\"d01983e\" data-element_type=\"column\" data-e-type=\"column\">\n\t\t\t<div class=\"elementor-widget-wrap elementor-element-populated\">\n\t\t\t\t\t\t<div class=\"elementor-element elementor-element-57dc029 elementor-widget elementor-widget-text-editor\" data-id=\"57dc029\" data-element_type=\"widget\" data-e-type=\"widget\" data-widget_type=\"text-editor.default\">\n\t\t\t\t<div class=\"elementor-widget-container\">\n\t\t\t\t\t\t\t\t\t<p><strong>Rumpurentoutus ryhmille\u00a0<\/strong><\/p><p>Rumpurentoutukseni on hoidollinen, ohjattu ja sen hetken energioihin ja teemoihin pohjautuva. Tarjolla on aina my\u00f6s luomulaatuisista- ja villiyrteist\u00e4 haudutettua terveytt\u00e4 ja elinvoimaasi tukevaa yrttiteet\u00e4.<\/p><p>Rentoutukseen tarvitset alustan, peiton ja tyynyn. Pukeudu rennosti ja l\u00e4mpim\u00e4sti. Voit ottaa mukaan oman vesipullon.<\/p><p>Rumpurentoutuksen kesto on 60min.\u00a0<\/p><p>Kysy lis\u00e4\u00e4:<\/p><p>&#8211; puh: 040-5027772<\/p><p>&#8211; email: info@kultaanen.fi<\/p><p>tai<\/p><p>&#8211; yhteydenottolomakkeella<\/p><p>\u00a0<\/p><p>L\u00e4mpim\u00e4sti tervetuloa! <img decoding=\"async\" class=\"emoji\" role=\"img\" draggable=\"false\" src=\"https:\/\/s.w.org\/images\/core\/emoji\/15.1.0\/svg\/2764.svg\" alt=\"\u2764\ufe0f\" \/><\/p>\t\t\t\t\t\t\t\t<\/div>\n\t\t\t\t<\/div>\n\t\t\t\t\t<\/div>\n\t\t<\/div>\n\t\t\t\t\t<\/div>\n\t\t<\/section>\n\t\t\t\t<section class=\"elementor-section elementor-top-section elementor-element elementor-element-3f87feb elementor-section-content-middle elementor-section-stretched elementor-section-boxed elementor-section-height-default elementor-section-height-default\" data-id=\"3f87feb\" data-element_type=\"section\" data-e-type=\"section\" data-settings=\"{&quot;stretch_section&quot;:&quot;section-stretched&quot;,&quot;background_background&quot;:&quot;classic&quot;}\">\n\t\t\t\t\t\t<div class=\"elementor-container elementor-column-gap-default\">\n\t\t\t\t\t<div class=\"elementor-column elementor-col-50 elementor-top-column elementor-element elementor-element-07fa907\" data-id=\"07fa907\" data-element_type=\"column\" data-e-type=\"column\" data-settings=\"{&quot;background_background&quot;:&quot;classic&quot;}\">\n\t\t\t<div class=\"elementor-widget-wrap elementor-element-populated\">\n\t\t\t\t\t\t<div class=\"elementor-element elementor-element-ffcb293 elementor-widget elementor-widget-image\" data-id=\"ffcb293\" data-element_type=\"widget\" data-e-type=\"widget\" data-widget_type=\"image.default\">\n\t\t\t\t<div class=\"elementor-widget-container\">\n\t\t\t\t\t\t\t\t\t\t\t\t\t\t\t<img decoding=\"async\" width=\"582\" height=\"582\" src=\"https:\/\/www.kultaanen.fi\/wp-content\/uploads\/2024\/09\/Screenshot-2024-09-25-at-12-29-17-Meditation-Instagram-Post-PosterMyWall.png\" class=\"attachment-thumbnail size-thumbnail wp-image-4076\" alt=\"\" srcset=\"https:\/\/www.kultaanen.fi\/wp-content\/uploads\/2024\/09\/Screenshot-2024-09-25-at-12-29-17-Meditation-Instagram-Post-PosterMyWall.png 582w, https:\/\/www.kultaanen.fi\/wp-content\/uploads\/2024\/09\/Screenshot-2024-09-25-at-12-29-17-Meditation-Instagram-Post-PosterMyWall-500x500.png 500w\" sizes=\"(max-width: 582px) 100vw, 582px\" \/>\t\t\t\t\t\t\t\t\t\t\t\t\t\t\t<\/div>\n\t\t\t\t<\/div>\n\t\t\t\t\t<\/div>\n\t\t<\/div>\n\t\t\t\t<div class=\"elementor-column elementor-col-50 elementor-top-column elementor-element elementor-element-943aea4\" data-id=\"943aea4\" data-element_type=\"column\" data-e-type=\"column\" data-settings=\"{&quot;background_background&quot;:&quot;classic&quot;}\">\n\t\t\t<div class=\"elementor-widget-wrap elementor-element-populated\">\n\t\t\t\t\t<div class=\"elementor-background-overlay\"><\/div>\n\t\t\t\t\t\t<div class=\"elementor-element elementor-element-d04648a animated-fast elementor-invisible elementor-widget elementor-widget-heading\" data-id=\"d04648a\" data-element_type=\"widget\" data-e-type=\"widget\" data-settings=\"{&quot;_animation&quot;:&quot;fadeIn&quot;}\" data-widget_type=\"heading.default\">\n\t\t\t\t<div class=\"elementor-widget-container\">\n\t\t\t\t\t<h2 class=\"elementor-heading-title elementor-size-small\">Kokonaisvaltaista hyvinvointia Smartum-, Epassi- ja Edenred -eduilla<\/h2>\t\t\t\t<\/div>\n\t\t\t\t<\/div>\n\t\t\t\t<div class=\"elementor-element elementor-element-998699a animated-fast elementor-invisible elementor-widget elementor-widget-heading\" data-id=\"998699a\" data-element_type=\"widget\" data-e-type=\"widget\" data-settings=\"{&quot;_animation&quot;:&quot;fadeIn&quot;}\" data-widget_type=\"heading.default\">\n\t\t\t\t<div class=\"elementor-widget-container\">\n\t\t\t\t\t<h6 class=\"elementor-heading-title elementor-size-default\">L\u00e4mpim\u00e4sti tervetuloa! <\/h6>\t\t\t\t<\/div>\n\t\t\t\t<\/div>\n\t\t\t\t<div class=\"elementor-element elementor-element-f28179e elementor-widget elementor-widget-text-editor\" data-id=\"f28179e\" data-element_type=\"widget\" data-e-type=\"widget\" data-widget_type=\"text-editor.default\">\n\t\t\t\t<div class=\"elementor-widget-container\">\n\t\t\t\t\t\t\t\t\t<p>Varaa aikasi<\/p><p>040-5027772 \/ Susanna<\/p><p>info@kultaanen.fi<\/p>\t\t\t\t\t\t\t\t<\/div>\n\t\t\t\t<\/div>\n\t\t\t\t\t<\/div>\n\t\t<\/div>\n\t\t\t\t\t<\/div>\n\t\t<\/section>\n\t\t\t\t<section class=\"elementor-section elementor-top-section elementor-element elementor-element-ac81510 elementor-section-boxed elementor-section-height-default elementor-section-height-default\" data-id=\"ac81510\" data-element_type=\"section\" data-e-type=\"section\">\n\t\t\t\t\t\t<div class=\"elementor-container elementor-column-gap-default\">\n\t\t\t\t\t<div class=\"elementor-column elementor-col-100 elementor-top-column elementor-element elementor-element-715bee9\" data-id=\"715bee9\" data-element_type=\"column\" data-e-type=\"column\">\n\t\t\t<div class=\"elementor-widget-wrap\">\n\t\t\t\t\t\t\t<\/div>\n\t\t<\/div>\n\t\t\t\t\t<\/div>\n\t\t<\/section>\n\t\t\t\t<\/div>\n\t\t","protected":false},"excerpt":{"rendered":"<p>Tapahtumat Rumpurentoutus ryhmille\u00a0 Rumpurentoutukseni on hoidollinen, ohjattu ja sen hetken energioihin ja teemoihin pohjautuva. Tarjolla on aina my\u00f6s luomulaatuisista- ja villiyrteist\u00e4 haudutettua terveytt\u00e4 ja elinvoimaasi tukevaa yrttiteet\u00e4. Rentoutukseen tarvitset alustan, peiton ja tyynyn. Pukeudu rennosti ja l\u00e4mpim\u00e4sti. Voit ottaa mukaan oman vesipullon. Rumpurentoutuksen kesto on 60min.\u00a0 Kysy lis\u00e4\u00e4: &#8211; puh: 040-5027772 &#8211; email: info@kultaanen.fi tai [&hellip;]<\/p>\n","protected":false},"author":1,"featured_media":0,"parent":3749,"menu_order":0,"comment_status":"closed","ping_status":"closed","template":"elementor_canvas","meta":{"footnotes":""},"class_list":["post-1987","page","type-page","status-publish","hentry"],"yoast_head":"<!-- This site is optimized with the Yoast SEO plugin v27.5 - https:\/\/yoast.com\/product\/yoast-seo-wordpress\/ -->\n<title>Tapahtumat ja workshopit - Hyvinvointipalvelut<\/title>\n<meta name=\"robots\" content=\"index, follow, max-snippet:-1, max-image-preview:large, max-video-preview:-1\" \/>\n<link rel=\"canonical\" href=\"https:\/\/www.kultaanen.fi\/?page_id=1987\" \/>\n<meta property=\"og:locale\" content=\"fi_FI\" \/>\n<meta property=\"og:type\" content=\"article\" \/>\n<meta property=\"og:title\" content=\"Tapahtumat ja workshopit - Hyvinvointipalvelut\" \/>\n<meta property=\"og:description\" content=\"Tapahtumat Rumpurentoutus ryhmille\u00a0 Rumpurentoutukseni on hoidollinen, ohjattu ja sen hetken energioihin ja teemoihin pohjautuva. Tarjolla on aina my\u00f6s luomulaatuisista- ja villiyrteist\u00e4 haudutettua terveytt\u00e4 ja elinvoimaasi tukevaa yrttiteet\u00e4. Rentoutukseen tarvitset alustan, peiton ja tyynyn. Pukeudu rennosti ja l\u00e4mpim\u00e4sti. Voit ottaa mukaan oman vesipullon. Rumpurentoutuksen kesto on 60min.\u00a0 Kysy lis\u00e4\u00e4: &#8211; puh: 040-5027772 &#8211; email: info@kultaanen.fi tai [&hellip;]\" \/>\n<meta property=\"og:url\" content=\"https:\/\/www.kultaanen.fi\/?page_id=1987\" \/>\n<meta property=\"og:site_name\" content=\"Hyvinvointipalvelut\" \/>\n<meta property=\"article:modified_time\" content=\"2026-01-06T08:35:51+00:00\" \/>\n<meta property=\"og:image\" content=\"https:\/\/www.kultaanen.fi\/wp-content\/uploads\/elementor\/thumbs\/Merkki-Kultaanen@3x-qbl193gpbe4sulydnis8cknsad2lzyct9lh8lvppfk.png\" \/>\n<meta name=\"twitter:card\" content=\"summary_large_image\" \/>\n<meta name=\"twitter:label1\" content=\"Arvioitu lukuaika\" \/>\n\t<meta name=\"twitter:data1\" content=\"2 minuuttia\" \/>\n<script type=\"application\/ld+json\" class=\"yoast-schema-graph\">{\"@context\":\"https:\\\/\\\/schema.org\",\"@graph\":[{\"@type\":\"WebPage\",\"@id\":\"https:\\\/\\\/www.kultaanen.fi\\\/?page_id=1987\",\"url\":\"https:\\\/\\\/www.kultaanen.fi\\\/?page_id=1987\",\"name\":\"Tapahtumat ja workshopit - Hyvinvointipalvelut\",\"isPartOf\":{\"@id\":\"https:\\\/\\\/www.kultaanen.fi\\\/#website\"},\"primaryImageOfPage\":{\"@id\":\"https:\\\/\\\/www.kultaanen.fi\\\/?page_id=1987#primaryimage\"},\"image\":{\"@id\":\"https:\\\/\\\/www.kultaanen.fi\\\/?page_id=1987#primaryimage\"},\"thumbnailUrl\":\"https:\\\/\\\/www.kultaanen.fi\\\/wp-content\\\/uploads\\\/elementor\\\/thumbs\\\/Merkki-Kultaanen@3x-qbl193gpbe4sulydnis8cknsad2lzyct9lh8lvppfk.png\",\"datePublished\":\"2020-08-06T12:50:59+00:00\",\"dateModified\":\"2026-01-06T08:35:51+00:00\",\"breadcrumb\":{\"@id\":\"https:\\\/\\\/www.kultaanen.fi\\\/?page_id=1987#breadcrumb\"},\"inLanguage\":\"fi\",\"potentialAction\":[{\"@type\":\"ReadAction\",\"target\":[\"https:\\\/\\\/www.kultaanen.fi\\\/?page_id=1987\"]}]},{\"@type\":\"ImageObject\",\"inLanguage\":\"fi\",\"@id\":\"https:\\\/\\\/www.kultaanen.fi\\\/?page_id=1987#primaryimage\",\"url\":\"https:\\\/\\\/www.kultaanen.fi\\\/wp-content\\\/uploads\\\/elementor\\\/thumbs\\\/Merkki-Kultaanen@3x-qbl193gpbe4sulydnis8cknsad2lzyct9lh8lvppfk.png\",\"contentUrl\":\"https:\\\/\\\/www.kultaanen.fi\\\/wp-content\\\/uploads\\\/elementor\\\/thumbs\\\/Merkki-Kultaanen@3x-qbl193gpbe4sulydnis8cknsad2lzyct9lh8lvppfk.png\"},{\"@type\":\"BreadcrumbList\",\"@id\":\"https:\\\/\\\/www.kultaanen.fi\\\/?page_id=1987#breadcrumb\",\"itemListElement\":[{\"@type\":\"ListItem\",\"position\":1,\"name\":\"Home\",\"item\":\"https:\\\/\\\/www.kultaanen.fi\\\/\"},{\"@type\":\"ListItem\",\"position\":2,\"name\":\"Kultaanen\",\"item\":\"https:\\\/\\\/www.kultaanen.fi\\\/\"},{\"@type\":\"ListItem\",\"position\":3,\"name\":\"Tapahtumat ja workshopit\"}]},{\"@type\":\"WebSite\",\"@id\":\"https:\\\/\\\/www.kultaanen.fi\\\/#website\",\"url\":\"https:\\\/\\\/www.kultaanen.fi\\\/\",\"name\":\"Hyvinvointipalvelut\",\"description\":\"Hyvinvointipalvelut\",\"publisher\":{\"@id\":\"https:\\\/\\\/www.kultaanen.fi\\\/#organization\"},\"potentialAction\":[{\"@type\":\"SearchAction\",\"target\":{\"@type\":\"EntryPoint\",\"urlTemplate\":\"https:\\\/\\\/www.kultaanen.fi\\\/?s={search_term_string}\"},\"query-input\":{\"@type\":\"PropertyValueSpecification\",\"valueRequired\":true,\"valueName\":\"search_term_string\"}}],\"inLanguage\":\"fi\"},{\"@type\":\"Organization\",\"@id\":\"https:\\\/\\\/www.kultaanen.fi\\\/#organization\",\"name\":\"Hyvinvointipalvelut\",\"url\":\"https:\\\/\\\/www.kultaanen.fi\\\/\",\"logo\":{\"@type\":\"ImageObject\",\"inLanguage\":\"fi\",\"@id\":\"https:\\\/\\\/www.kultaanen.fi\\\/#\\\/schema\\\/logo\\\/image\\\/\",\"url\":\"https:\\\/\\\/www.kultaanen.fi\\\/wp-content\\\/uploads\\\/2020\\\/07\\\/Logo-Kultaanen-Purple@3x.png\",\"contentUrl\":\"https:\\\/\\\/www.kultaanen.fi\\\/wp-content\\\/uploads\\\/2020\\\/07\\\/Logo-Kultaanen-Purple@3x.png\",\"width\":1903,\"height\":992,\"caption\":\"Hyvinvointipalvelut\"},\"image\":{\"@id\":\"https:\\\/\\\/www.kultaanen.fi\\\/#\\\/schema\\\/logo\\\/image\\\/\"}}]}<\/script>\n<!-- \/ Yoast SEO plugin. -->","yoast_head_json":{"title":"Tapahtumat ja workshopit - Hyvinvointipalvelut","robots":{"index":"index","follow":"follow","max-snippet":"max-snippet:-1","max-image-preview":"max-image-preview:large","max-video-preview":"max-video-preview:-1"},"canonical":"https:\/\/www.kultaanen.fi\/?page_id=1987","og_locale":"fi_FI","og_type":"article","og_title":"Tapahtumat ja workshopit - Hyvinvointipalvelut","og_description":"Tapahtumat Rumpurentoutus ryhmille\u00a0 Rumpurentoutukseni on hoidollinen, ohjattu ja sen hetken energioihin ja teemoihin pohjautuva. Tarjolla on aina my\u00f6s luomulaatuisista- ja villiyrteist\u00e4 haudutettua terveytt\u00e4 ja elinvoimaasi tukevaa yrttiteet\u00e4. Rentoutukseen tarvitset alustan, peiton ja tyynyn. Pukeudu rennosti ja l\u00e4mpim\u00e4sti. Voit ottaa mukaan oman vesipullon. Rumpurentoutuksen kesto on 60min.\u00a0 Kysy lis\u00e4\u00e4: &#8211; puh: 040-5027772 &#8211; email: info@kultaanen.fi tai [&hellip;]","og_url":"https:\/\/www.kultaanen.fi\/?page_id=1987","og_site_name":"Hyvinvointipalvelut","article_modified_time":"2026-01-06T08:35:51+00:00","og_image":[{"url":"https:\/\/www.kultaanen.fi\/wp-content\/uploads\/elementor\/thumbs\/Merkki-Kultaanen@3x-qbl193gpbe4sulydnis8cknsad2lzyct9lh8lvppfk.png","type":"","width":"","height":""}],"twitter_card":"summary_large_image","twitter_misc":{"Arvioitu lukuaika":"2 minuuttia"},"schema":{"@context":"https:\/\/schema.org","@graph":[{"@type":"WebPage","@id":"https:\/\/www.kultaanen.fi\/?page_id=1987","url":"https:\/\/www.kultaanen.fi\/?page_id=1987","name":"Tapahtumat ja workshopit - Hyvinvointipalvelut","isPartOf":{"@id":"https:\/\/www.kultaanen.fi\/#website"},"primaryImageOfPage":{"@id":"https:\/\/www.kultaanen.fi\/?page_id=1987#primaryimage"},"image":{"@id":"https:\/\/www.kultaanen.fi\/?page_id=1987#primaryimage"},"thumbnailUrl":"https:\/\/www.kultaanen.fi\/wp-content\/uploads\/elementor\/thumbs\/Merkki-Kultaanen@3x-qbl193gpbe4sulydnis8cknsad2lzyct9lh8lvppfk.png","datePublished":"2020-08-06T12:50:59+00:00","dateModified":"2026-01-06T08:35:51+00:00","breadcrumb":{"@id":"https:\/\/www.kultaanen.fi\/?page_id=1987#breadcrumb"},"inLanguage":"fi","potentialAction":[{"@type":"ReadAction","target":["https:\/\/www.kultaanen.fi\/?page_id=1987"]}]},{"@type":"ImageObject","inLanguage":"fi","@id":"https:\/\/www.kultaanen.fi\/?page_id=1987#primaryimage","url":"https:\/\/www.kultaanen.fi\/wp-content\/uploads\/elementor\/thumbs\/Merkki-Kultaanen@3x-qbl193gpbe4sulydnis8cknsad2lzyct9lh8lvppfk.png","contentUrl":"https:\/\/www.kultaanen.fi\/wp-content\/uploads\/elementor\/thumbs\/Merkki-Kultaanen@3x-qbl193gpbe4sulydnis8cknsad2lzyct9lh8lvppfk.png"},{"@type":"BreadcrumbList","@id":"https:\/\/www.kultaanen.fi\/?page_id=1987#breadcrumb","itemListElement":[{"@type":"ListItem","position":1,"name":"Home","item":"https:\/\/www.kultaanen.fi\/"},{"@type":"ListItem","position":2,"name":"Kultaanen","item":"https:\/\/www.kultaanen.fi\/"},{"@type":"ListItem","position":3,"name":"Tapahtumat ja workshopit"}]},{"@type":"WebSite","@id":"https:\/\/www.kultaanen.fi\/#website","url":"https:\/\/www.kultaanen.fi\/","name":"Hyvinvointipalvelut","description":"Hyvinvointipalvelut","publisher":{"@id":"https:\/\/www.kultaanen.fi\/#organization"},"potentialAction":[{"@type":"SearchAction","target":{"@type":"EntryPoint","urlTemplate":"https:\/\/www.kultaanen.fi\/?s={search_term_string}"},"query-input":{"@type":"PropertyValueSpecification","valueRequired":true,"valueName":"search_term_string"}}],"inLanguage":"fi"},{"@type":"Organization","@id":"https:\/\/www.kultaanen.fi\/#organization","name":"Hyvinvointipalvelut","url":"https:\/\/www.kultaanen.fi\/","logo":{"@type":"ImageObject","inLanguage":"fi","@id":"https:\/\/www.kultaanen.fi\/#\/schema\/logo\/image\/","url":"https:\/\/www.kultaanen.fi\/wp-content\/uploads\/2020\/07\/Logo-Kultaanen-Purple@3x.png","contentUrl":"https:\/\/www.kultaanen.fi\/wp-content\/uploads\/2020\/07\/Logo-Kultaanen-Purple@3x.png","width":1903,"height":992,"caption":"Hyvinvointipalvelut"},"image":{"@id":"https:\/\/www.kultaanen.fi\/#\/schema\/logo\/image\/"}}]}},"_links":{"self":[{"href":"https:\/\/www.kultaanen.fi\/index.php?rest_route=\/wp\/v2\/pages\/1987","targetHints":{"allow":["GET"]}}],"collection":[{"href":"https:\/\/www.kultaanen.fi\/index.php?rest_route=\/wp\/v2\/pages"}],"about":[{"href":"https:\/\/www.kultaanen.fi\/index.php?rest_route=\/wp\/v2\/types\/page"}],"author":[{"embeddable":true,"href":"https:\/\/www.kultaanen.fi\/index.php?rest_route=\/wp\/v2\/users\/1"}],"replies":[{"embeddable":true,"href":"https:\/\/www.kultaanen.fi\/index.php?rest_route=%2Fwp%2Fv2%2Fcomments&post=1987"}],"version-history":[{"count":138,"href":"https:\/\/www.kultaanen.fi\/index.php?rest_route=\/wp\/v2\/pages\/1987\/revisions"}],"predecessor-version":[{"id":4254,"href":"https:\/\/www.kultaanen.fi\/index.php?rest_route=\/wp\/v2\/pages\/1987\/revisions\/4254"}],"up":[{"embeddable":true,"href":"https:\/\/www.kultaanen.fi\/index.php?rest_route=\/wp\/v2\/pages\/3749"}],"wp:attachment":[{"href":"https:\/\/www.kultaanen.fi\/index.php?rest_route=%2Fwp%2Fv2%2Fmedia&parent=1987"}],"curies":[{"name":"wp","href":"https:\/\/api.w.org\/{rel}","templated":true}]}}